{"id":7,"date":"2021-11-09T12:38:51","date_gmt":"2021-11-09T11:38:51","guid":{"rendered":"https:\/\/lettel.com\/?page_id=7"},"modified":"2026-04-09T12:10:08","modified_gmt":"2026-04-09T10:10:08","slug":"contact","status":"publish","type":"page","link":"https:\/\/lettel.com\/fr\/contact\/","title":{"rendered":"Contact"},"content":{"rendered":"\r\n\r\n<section class=\"blc-form spc-s3 bg-cg\"> \r\n\t<div class=\"container \">\r\n\r\n\t\t<div class=\"row g-0 gy-5 flex-row-reverse\">\r\n\t\t<div class=\"col-lg-5 offset-lg-1 d-none d-lg-block\">\r\n\t\t\t\t<figure class=\"b-media media-wrp__10x3 full\">\r\n\t\t\t\t\t<img decoding=\"async\" alt=\"contact\" src=\"https:\/\/lettel.com\/wp-content\/uploads\/2021\/11\/shutterstock_1209127495.jpg\" srcset=\"https:\/\/lettel.com\/wp-content\/uploads\/2021\/11\/shutterstock_1209127495-232x300.jpg 232w, https:\/\/lettel.com\/wp-content\/uploads\/2021\/11\/shutterstock_1209127495.jpg 490w\" sizes=\"(min-width: 1400px) 1260px, (min-width: 1600px) 1440px, 100vw\">\t\t\t\t\t\t\t\t<\/figure>\r\n\t\t\t<\/div>\r\n\t\t\t<div class=\"col-lg-6\">\r\n\t\t\t\t<div class=\"b-form-wrp\">\r\n\t\t\t\t<div class=\"c-heading\"><h2 class=\"b-ttl\" class=\"b-ttl\" id=\"un-devis-une-question-contactez-nous\">Un devis, une question ? Contactez-nous !<\/h2><\/div>\t\t\t\t\t\n<div class=\"wpcf7 no-js\" id=\"wpcf7-f1435-o1\" lang=\"fr-FR\" dir=\"ltr\" data-wpcf7-id=\"1435\">\n<div class=\"screen-reader-response\"><p role=\"status\" aria-live=\"polite\" aria-atomic=\"true\"><\/p> <ul><\/ul><\/div>\n<form action=\"\/fr\/wp-json\/wp\/v2\/pages\/7#wpcf7-f1435-o1\" method=\"post\" class=\"wpcf7-form init\" aria-label=\"Formulaire de contact\" novalidate=\"novalidate\" data-status=\"init\">\n<fieldset class=\"hidden-fields-container\"><input type=\"hidden\" name=\"_wpcf7\" value=\"1435\" \/><input type=\"hidden\" name=\"_wpcf7_version\" value=\"6.1.5\" \/><input type=\"hidden\" name=\"_wpcf7_locale\" value=\"fr_FR\" \/><input type=\"hidden\" name=\"_wpcf7_unit_tag\" value=\"wpcf7-f1435-o1\" \/><input type=\"hidden\" name=\"_wpcf7_container_post\" value=\"0\" \/><input type=\"hidden\" name=\"_wpcf7_posted_data_hash\" value=\"\" \/><input type=\"hidden\" name=\"_wpcf7_recaptcha_response\" value=\"\" \/>\n<\/fieldset>\n<div class='row g-3 g-md-5'>\n<p>Ici ou par t\u00e9l\u00e9phone au 01 84 60 40 25.<\/p>\n<label class='col-md-6 firstname'>Pr\u00e9nom* <span class=\"wpcf7-form-control-wrap\" data-name=\"firstname\"><input size=\"40\" maxlength=\"400\" class=\"wpcf7-form-control wpcf7-text wpcf7-validates-as-required\" aria-required=\"true\" aria-invalid=\"false\" value=\"\" type=\"text\" name=\"firstname\" \/><\/span><\/label>\n<label class='col-md-6 name'>Nom* <span class=\"wpcf7-form-control-wrap\" data-name=\"subname\"><input size=\"40\" maxlength=\"400\" class=\"wpcf7-form-control wpcf7-text wpcf7-validates-as-required\" aria-required=\"true\" aria-invalid=\"false\" value=\"\" type=\"text\" name=\"subname\" \/><\/span><\/label>\n<label class='col-md-6 company'>Soci\u00e9t\u00e9* <span class=\"wpcf7-form-control-wrap\" data-name=\"company\"><input size=\"40\" maxlength=\"400\" class=\"wpcf7-form-control wpcf7-text wpcf7-validates-as-required\" aria-required=\"true\" aria-invalid=\"false\" value=\"\" type=\"text\" name=\"company\" \/><\/span><\/label>\n<label class='col-md-6 postal'>Code postal* <span class=\"wpcf7-form-control-wrap\" data-name=\"postal\"><input size=\"40\" maxlength=\"400\" class=\"wpcf7-form-control wpcf7-text wpcf7-validates-as-required\" aria-required=\"true\" aria-invalid=\"false\" value=\"\" type=\"text\" name=\"postal\" \/><\/span><\/label>\n<label class='col-md-6 phone'>T\u00e9l\u00e9phone* <span class=\"wpcf7-form-control-wrap\" data-name=\"phone\"><input size=\"40\" maxlength=\"400\" class=\"wpcf7-form-control wpcf7-tel wpcf7-validates-as-required wpcf7-text wpcf7-validates-as-tel\" aria-required=\"true\" aria-invalid=\"false\" value=\"\" type=\"tel\" name=\"phone\" \/><\/span><\/label>\n<label class='col-md-6 mail'>Mail* <span class=\"wpcf7-form-control-wrap\" data-name=\"email\"><input size=\"40\" maxlength=\"400\" class=\"wpcf7-form-control wpcf7-email wpcf7-validates-as-required wpcf7-text wpcf7-validates-as-email\" aria-required=\"true\" aria-invalid=\"false\" value=\"\" type=\"email\" name=\"email\" \/><\/span><\/label>\n<div class='col-md-12 pref'><span class='txt'>Je souhaite \u00eatre recontact\u00e9 par : <\/span><span class=\"wpcf7-form-control-wrap\" data-name=\"preferences\"><span class=\"wpcf7-form-control wpcf7-checkbox\"><span class=\"wpcf7-list-item first\"><label><input type=\"checkbox\" name=\"preferences[]\" value=\"Email\" \/><span class=\"wpcf7-list-item-label\">Email<\/span><\/label><\/span><span class=\"wpcf7-list-item last\"><label><input type=\"checkbox\" name=\"preferences[]\" value=\"T\u00e9l\u00e9phone\" \/><span class=\"wpcf7-list-item-label\">T\u00e9l\u00e9phone<\/span><\/label><\/span><\/span><\/span><\/div>\n<label class='col-md-12 ref'>R\u00e9f\u00e9rence ou typologie des produits qui vous int\u00e9ressent :* <span class=\"wpcf7-form-control-wrap\" data-name=\"ref\"><input size=\"40\" maxlength=\"400\" class=\"wpcf7-form-control wpcf7-text wpcf7-validates-as-required\" aria-required=\"true\" aria-invalid=\"false\" value=\"\" type=\"text\" name=\"ref\" \/><\/span><\/label>\n<label class='col-md-12 text'>Posez votre question* <span class=\"wpcf7-form-control-wrap\" data-name=\"message\"><textarea cols=\"40\" rows=\"5\" maxlength=\"2000\" class=\"wpcf7-form-control wpcf7-textarea wpcf7-validates-as-required\" aria-required=\"true\" aria-invalid=\"false\" name=\"message\"><\/textarea><\/span><\/label>\n<div class='col-md-12 submit'><button type='submit' class='btn btn-c1'>Envoyer<\/button><\/div>\n<\/div><div class=\"wpcf7-response-output\" aria-hidden=\"true\"><\/div>\n<\/form>\n<\/div>\n\t\t\t\t<\/div>\r\n\t\t\t<\/div>\r\n\t\t<\/div>\r\n\r\n\t<\/div>\r\n<\/section>\r\n\r\n\n\n\r\n\r\n<section class=\"blc-card-infos spc-s4 bg-cw\">\r\n\t<div class=\"container\">\r\n\t<h2 class=\"b-ttl mx-auto\" style='color: #1B1945;' class=\"b-ttl mx-auto\" style='color: #1B1945;' id=\"suivez-nous\">Suivez-nous !<\/h2>\r\n\t<div class=\"blc-card-infos_wrp\">\r\n\t\t\t\t\t<article class=\"c-tuile bg-cg\">\r\n\t\t\t\t<img decoding=\"async\" class='c-tuile_med' alt=\"contact\" src=\"https:\/\/lettel.com\/wp-content\/uploads\/2025\/03\/ico-youtube-lettel.svg\" srcset=\"\" sizes=\"(min-width: 992px) 893px, (min-width: 1200px) 1080px, (min-width: 1400px) 1260px, (min-width: 1600px) 1440px, 100vw\">\t\t\t\t\t\t\t\t\t\t\t\t\t\t\t\t<a class=\"c-tuile_btn btn btn-c1 btn-xs\" href=\"https:\/\/www.youtube.com\/@Lettel-FR\" target=\"_blank\">Youtube<\/a>\t\t\t<\/article>\r\n\t\t\t\t\t<article class=\"c-tuile bg-cg\">\r\n\t\t\t\t<img decoding=\"async\" class='c-tuile_med' alt=\"contact\" src=\"https:\/\/lettel.com\/wp-content\/uploads\/2025\/03\/ico-linkedin-lettel.svg\" srcset=\"\" sizes=\"(min-width: 992px) 893px, (min-width: 1200px) 1080px, (min-width: 1400px) 1260px, (min-width: 1600px) 1440px, 100vw\">\t\t\t\t\t\t\t\t\t\t\t\t\t\t\t\t<a class=\"c-tuile_btn btn btn-c1 btn-xs\" href=\"https:\/\/www.linkedin.com\/company\/lettel-elec\" target=\"_blank\">Linkedin<\/a>\t\t\t<\/article>\r\n\t\t\t\t\t<article class=\"c-tuile bg-cg\">\r\n\t\t\t\t<img decoding=\"async\" class='c-tuile_med' alt=\"contact\" src=\"https:\/\/lettel.com\/wp-content\/uploads\/2025\/03\/ico-insta-lettel.svg\" srcset=\"\" sizes=\"(min-width: 992px) 893px, (min-width: 1200px) 1080px, (min-width: 1400px) 1260px, (min-width: 1600px) 1440px, 100vw\">\t\t\t\t\t\t\t\t\t\t\t\t\t\t\t\t<a class=\"c-tuile_btn btn btn-c1 btn-xs\" href=\"https:\/\/www.instagram.com\/lettel_electric\/\" target=\"_blank\">Instagram<\/a>\t\t\t<\/article>\r\n\t\t\t<\/div>\r\n\r\n\t<\/div>\r\n<\/section>\r\n\r\n\n\n\r\n\r\n<section class=\"blc-banner spc-s3 bg-c4\"> \r\n\t<div class=\"container tpl1\">\r\n\r\n\t\t<div class=\"row\">\r\n\t\t\t<div class=\"b-txt col-lg-6\">\r\n\t\t\t\t<h2 class=\"b-ttl\" data-aos=\"fade-up\" class=\"b-ttl\" data-aos=\"fade-up\" id=\"ne-ratez-pas-les-nouveautes-lettel\">Ne ratez pas les nouveaut\u00e9s Lettel<\/h2>\t\t\t\t\t\t\t\t\t\t\t<\/div>\r\n\t\t\t\t\t\t\t\t\t\t<div class=\"b-form col-lg-7\">\r\n\t\t\t\t\t\n<div class=\"wpcf7 no-js\" id=\"wpcf7-f2111-o2\" lang=\"fr-FR\" dir=\"ltr\" data-wpcf7-id=\"2111\">\n<div class=\"screen-reader-response\"><p role=\"status\" aria-live=\"polite\" aria-atomic=\"true\"><\/p> <ul><\/ul><\/div>\n<form action=\"\/fr\/wp-json\/wp\/v2\/pages\/7#wpcf7-f2111-o2\" method=\"post\" class=\"wpcf7-form init\" aria-label=\"Formulaire de contact\" novalidate=\"novalidate\" data-status=\"init\">\n<fieldset class=\"hidden-fields-container\"><input type=\"hidden\" name=\"_wpcf7\" value=\"2111\" \/><input type=\"hidden\" name=\"_wpcf7_version\" value=\"6.1.5\" \/><input type=\"hidden\" name=\"_wpcf7_locale\" value=\"fr_FR\" \/><input type=\"hidden\" name=\"_wpcf7_unit_tag\" value=\"wpcf7-f2111-o2\" \/><input type=\"hidden\" name=\"_wpcf7_container_post\" value=\"0\" \/><input type=\"hidden\" name=\"_wpcf7_posted_data_hash\" value=\"\" \/><input type=\"hidden\" name=\"_wpcf7_recaptcha_response\" value=\"\" \/>\n<\/fieldset>\n<div class='form-nl row'>\n<div class='inputs col-12'>\n <input type=\"hidden\" name=\"liste\" value=\"F5195D82 \"> \n<span class=\"wpcf7-form-control-wrap\" data-name=\"email\"><input size=\"40\" maxlength=\"400\" class=\"wpcf7-form-control wpcf7-email wpcf7-validates-as-required wpcf7-text wpcf7-validates-as-email\" aria-required=\"true\" aria-invalid=\"false\" placeholder=\"votre adresse email\" value=\"\" type=\"email\" name=\"email\" \/><\/span>\n<button type='submit' class='btn btn-c1'>Envoyer<\/button>\n<\/div>\n<div class='validation col-12'><span class=\"wpcf7-form-control-wrap\" data-name=\"acceptance-706\"><span class=\"wpcf7-form-control wpcf7-acceptance\"><span class=\"wpcf7-list-item\"><label><input type=\"checkbox\" name=\"acceptance-706\" value=\"1\" aria-invalid=\"false\" \/><span class=\"wpcf7-list-item-label\">J&rsquo;accepte les termes et conditions g\u00e9n\u00e9rales d&rsquo;inscription.<\/span><\/label><\/span><\/span><\/span><\/div>\n<\/div><div class=\"wpcf7-response-output\" aria-hidden=\"true\"><\/div>\n<\/form>\n<\/div>\n\t\t\t\t<\/div>\r\n\t\t\t\t\t<\/div>\r\n\r\n\t<\/div>\r\n<\/section>\r\n\r\n","protected":false},"excerpt":{"rendered":"","protected":false},"author":1,"featured_media":400,"parent":0,"menu_order":0,"comment_status":"closed","ping_status":"closed","template":"","meta":{"_acf_changed":false,"footnotes":""},"class_list":["post-7","page","type-page","status-publish","has-post-thumbnail","hentry"],"acf":[],"yoast_head":"<!-- This site is optimized with the Yoast SEO plugin v27.5 - https:\/\/yoast.com\/product\/yoast-seo-wordpress\/ -->\n<title>Contactez-nous | Lettel<\/title>\n<meta name=\"description\" content=\"Les \u00e9quipes commerciales et techniques Lettel sont \u00e0 votre disposition par courriel ou t\u00e9l\u00e9phone. Contactez-nous...\" \/>\n<meta name=\"robots\" content=\"noindex, follow\" \/>\n<meta property=\"og:locale\" content=\"fr_FR\" \/>\n<meta property=\"og:type\" content=\"article\" \/>\n<meta property=\"og:title\" content=\"Contactez-nous | Lettel\" \/>\n<meta property=\"og:description\" content=\"Les \u00e9quipes commerciales et techniques Lettel sont \u00e0 votre disposition par courriel ou t\u00e9l\u00e9phone. Contactez-nous...\" \/>\n<meta property=\"og:url\" content=\"https:\/\/lettel.com\/fr\/contact\/\" \/>\n<meta property=\"og:site_name\" content=\"Lettel\" \/>\n<meta property=\"article:publisher\" content=\"https:\/\/www.facebook.com\/people\/lettel_electric\/100075707210675\/#\" \/>\n<meta property=\"article:modified_time\" content=\"2026-04-09T10:10:08+00:00\" \/>\n<meta property=\"og:image\" content=\"https:\/\/lettel.com\/wp-content\/uploads\/2021\/11\/shutterstock_222500491.jpg\" \/>\n\t<meta property=\"og:image:width\" content=\"1440\" \/>\n\t<meta property=\"og:image:height\" content=\"397\" \/>\n\t<meta property=\"og:image:type\" content=\"image\/jpeg\" \/>\n<meta name=\"twitter:card\" content=\"summary_large_image\" \/>\n<script type=\"application\/ld+json\" class=\"yoast-schema-graph\">{\"@context\":\"https:\\\/\\\/schema.org\",\"@graph\":[{\"@type\":\"WebPage\",\"@id\":\"https:\\\/\\\/lettel.com\\\/fr\\\/contact\\\/\",\"url\":\"https:\\\/\\\/lettel.com\\\/fr\\\/contact\\\/\",\"name\":\"Contactez-nous | Lettel\",\"isPartOf\":{\"@id\":\"https:\\\/\\\/lettel.com\\\/fr\\\/#website\"},\"primaryImageOfPage\":{\"@id\":\"https:\\\/\\\/lettel.com\\\/fr\\\/contact\\\/#primaryimage\"},\"image\":{\"@id\":\"https:\\\/\\\/lettel.com\\\/fr\\\/contact\\\/#primaryimage\"},\"thumbnailUrl\":\"https:\\\/\\\/lettel.com\\\/wp-content\\\/uploads\\\/2021\\\/11\\\/shutterstock_222500491.jpg\",\"datePublished\":\"2021-11-09T11:38:51+00:00\",\"dateModified\":\"2026-04-09T10:10:08+00:00\",\"description\":\"Les \u00e9quipes commerciales et techniques Lettel sont \u00e0 votre disposition par courriel ou t\u00e9l\u00e9phone. Contactez-nous...\",\"breadcrumb\":{\"@id\":\"https:\\\/\\\/lettel.com\\\/fr\\\/contact\\\/#breadcrumb\"},\"inLanguage\":\"fr-FR\",\"potentialAction\":[{\"@type\":\"ReadAction\",\"target\":[\"https:\\\/\\\/lettel.com\\\/fr\\\/contact\\\/\"]}]},{\"@type\":\"ImageObject\",\"inLanguage\":\"fr-FR\",\"@id\":\"https:\\\/\\\/lettel.com\\\/fr\\\/contact\\\/#primaryimage\",\"url\":\"https:\\\/\\\/lettel.com\\\/wp-content\\\/uploads\\\/2021\\\/11\\\/shutterstock_222500491.jpg\",\"contentUrl\":\"https:\\\/\\\/lettel.com\\\/wp-content\\\/uploads\\\/2021\\\/11\\\/shutterstock_222500491.jpg\",\"width\":1440,\"height\":397},{\"@type\":\"BreadcrumbList\",\"@id\":\"https:\\\/\\\/lettel.com\\\/fr\\\/contact\\\/#breadcrumb\",\"itemListElement\":[{\"@type\":\"ListItem\",\"position\":1,\"name\":\"Accueil\",\"item\":\"https:\\\/\\\/lettel.com\\\/fr\\\/\"},{\"@type\":\"ListItem\",\"position\":2,\"name\":\"Contact\"}]},{\"@type\":\"WebSite\",\"@id\":\"https:\\\/\\\/lettel.com\\\/fr\\\/#website\",\"url\":\"https:\\\/\\\/lettel.com\\\/fr\\\/\",\"name\":\"Lettel\",\"description\":\"L&#039;appareillage \u00e9lectrique\",\"publisher\":{\"@id\":\"https:\\\/\\\/lettel.com\\\/fr\\\/#organization\"},\"potentialAction\":[{\"@type\":\"SearchAction\",\"target\":{\"@type\":\"EntryPoint\",\"urlTemplate\":\"https:\\\/\\\/lettel.com\\\/fr\\\/?s={search_term_string}\"},\"query-input\":{\"@type\":\"PropertyValueSpecification\",\"valueRequired\":true,\"valueName\":\"search_term_string\"}}],\"inLanguage\":\"fr-FR\"},{\"@type\":\"Organization\",\"@id\":\"https:\\\/\\\/lettel.com\\\/fr\\\/#organization\",\"name\":\"Lettel\",\"url\":\"https:\\\/\\\/lettel.com\\\/fr\\\/\",\"logo\":\"https:\\\/\\\/lettel.com\\\/wp-content\\\/uploads\\\/2021\\\/11\\\/logo.svg\",\"image\":{\"@id\":\"https:\\\/\\\/lettel.com\\\/fr\\\/#\\\/schema\\\/logo\\\/image\\\/\"},\"sameAs\":[\"https:\\\/\\\/www.facebook.com\\\/people\\\/lettel_electric\\\/100075707210675\\\/#\",\"https:\\\/\\\/www.instagram.com\\\/lettel_electric\\\/\",\"https:\\\/\\\/www.linkedin.com\\\/company\\\/lettel-elec\",\"https:\\\/\\\/www.youtube.com\\\/@Lettel-FR\"],\"description\":\"Fabricant de mat\u00e9riel \u00e9lectrique, Lettel propose aux professionnels des produits innovants, livrables en 24h et garantis 3 ans pour tous vos besoins en \u00e9lectricit\u00e9.\",\"email\":\"info@lettel.com\",\"telephone\":\"+33184604025\",\"vatID\":\"FR25901237933\",\"address\":{\"@type\":\"PostalAddress\",\"streetAddress\":\"128b avenue Jean Jaur\u00e8s\",\"addressLocality\":\"Ivry-sur-Seine\",\"addressCountry\":\"FR\",\"addressRegion\":\"Ile-de-France\",\"postalCode\":\"94200\"}}]}<\/script>\n<!-- \/ Yoast SEO plugin. -->","yoast_head_json":{"title":"Contactez-nous | Lettel","description":"Les \u00e9quipes commerciales et techniques Lettel sont \u00e0 votre disposition par courriel ou t\u00e9l\u00e9phone. Contactez-nous...","robots":{"index":"noindex","follow":"follow"},"og_locale":"fr_FR","og_type":"article","og_title":"Contactez-nous | Lettel","og_description":"Les \u00e9quipes commerciales et techniques Lettel sont \u00e0 votre disposition par courriel ou t\u00e9l\u00e9phone. Contactez-nous...","og_url":"https:\/\/lettel.com\/fr\/contact\/","og_site_name":"Lettel","article_publisher":"https:\/\/www.facebook.com\/people\/lettel_electric\/100075707210675\/#","article_modified_time":"2026-04-09T10:10:08+00:00","og_image":[{"width":1440,"height":397,"url":"https:\/\/lettel.com\/wp-content\/uploads\/2021\/11\/shutterstock_222500491.jpg","type":"image\/jpeg"}],"twitter_card":"summary_large_image","schema":{"@context":"https:\/\/schema.org","@graph":[{"@type":"WebPage","@id":"https:\/\/lettel.com\/fr\/contact\/","url":"https:\/\/lettel.com\/fr\/contact\/","name":"Contactez-nous | Lettel","isPartOf":{"@id":"https:\/\/lettel.com\/fr\/#website"},"primaryImageOfPage":{"@id":"https:\/\/lettel.com\/fr\/contact\/#primaryimage"},"image":{"@id":"https:\/\/lettel.com\/fr\/contact\/#primaryimage"},"thumbnailUrl":"https:\/\/lettel.com\/wp-content\/uploads\/2021\/11\/shutterstock_222500491.jpg","datePublished":"2021-11-09T11:38:51+00:00","dateModified":"2026-04-09T10:10:08+00:00","description":"Les \u00e9quipes commerciales et techniques Lettel sont \u00e0 votre disposition par courriel ou t\u00e9l\u00e9phone. Contactez-nous...","breadcrumb":{"@id":"https:\/\/lettel.com\/fr\/contact\/#breadcrumb"},"inLanguage":"fr-FR","potentialAction":[{"@type":"ReadAction","target":["https:\/\/lettel.com\/fr\/contact\/"]}]},{"@type":"ImageObject","inLanguage":"fr-FR","@id":"https:\/\/lettel.com\/fr\/contact\/#primaryimage","url":"https:\/\/lettel.com\/wp-content\/uploads\/2021\/11\/shutterstock_222500491.jpg","contentUrl":"https:\/\/lettel.com\/wp-content\/uploads\/2021\/11\/shutterstock_222500491.jpg","width":1440,"height":397},{"@type":"BreadcrumbList","@id":"https:\/\/lettel.com\/fr\/contact\/#breadcrumb","itemListElement":[{"@type":"ListItem","position":1,"name":"Accueil","item":"https:\/\/lettel.com\/fr\/"},{"@type":"ListItem","position":2,"name":"Contact"}]},{"@type":"WebSite","@id":"https:\/\/lettel.com\/fr\/#website","url":"https:\/\/lettel.com\/fr\/","name":"Lettel","description":"L&#039;appareillage \u00e9lectrique","publisher":{"@id":"https:\/\/lettel.com\/fr\/#organization"},"potentialAction":[{"@type":"SearchAction","target":{"@type":"EntryPoint","urlTemplate":"https:\/\/lettel.com\/fr\/?s={search_term_string}"},"query-input":{"@type":"PropertyValueSpecification","valueRequired":true,"valueName":"search_term_string"}}],"inLanguage":"fr-FR"},{"@type":"Organization","@id":"https:\/\/lettel.com\/fr\/#organization","name":"Lettel","url":"https:\/\/lettel.com\/fr\/","logo":"https:\/\/lettel.com\/wp-content\/uploads\/2021\/11\/logo.svg","image":{"@id":"https:\/\/lettel.com\/fr\/#\/schema\/logo\/image\/"},"sameAs":["https:\/\/www.facebook.com\/people\/lettel_electric\/100075707210675\/#","https:\/\/www.instagram.com\/lettel_electric\/","https:\/\/www.linkedin.com\/company\/lettel-elec","https:\/\/www.youtube.com\/@Lettel-FR"],"description":"Fabricant de mat\u00e9riel \u00e9lectrique, Lettel propose aux professionnels des produits innovants, livrables en 24h et garantis 3 ans pour tous vos besoins en \u00e9lectricit\u00e9.","email":"info@lettel.com","telephone":"+33184604025","vatID":"FR25901237933","address":{"@type":"PostalAddress","streetAddress":"128b avenue Jean Jaur\u00e8s","addressLocality":"Ivry-sur-Seine","addressCountry":"FR","addressRegion":"Ile-de-France","postalCode":"94200"}}]}},"_links":{"self":[{"href":"https:\/\/lettel.com\/fr\/wp-json\/wp\/v2\/pages\/7","targetHints":{"allow":["GET"]}}],"collection":[{"href":"https:\/\/lettel.com\/fr\/wp-json\/wp\/v2\/pages"}],"about":[{"href":"https:\/\/lettel.com\/fr\/wp-json\/wp\/v2\/types\/page"}],"author":[{"embeddable":true,"href":"https:\/\/lettel.com\/fr\/wp-json\/wp\/v2\/users\/1"}],"replies":[{"embeddable":true,"href":"https:\/\/lettel.com\/fr\/wp-json\/wp\/v2\/comments?post=7"}],"version-history":[{"count":5,"href":"https:\/\/lettel.com\/fr\/wp-json\/wp\/v2\/pages\/7\/revisions"}],"predecessor-version":[{"id":20326,"href":"https:\/\/lettel.com\/fr\/wp-json\/wp\/v2\/pages\/7\/revisions\/20326"}],"wp:featuredmedia":[{"embeddable":true,"href":"https:\/\/lettel.com\/fr\/wp-json\/wp\/v2\/media\/400"}],"wp:attachment":[{"href":"https:\/\/lettel.com\/fr\/wp-json\/wp\/v2\/media?parent=7"}],"curies":[{"name":"wp","href":"https:\/\/api.w.org\/{rel}","templated":true}]}}